{"id":1134,"date":"2025-04-25T11:47:58","date_gmt":"2025-04-25T04:47:58","guid":{"rendered":"https:\/\/naturefoods.com.vn\/product\/sua-chua-viet-quat-say-thang-hoa-i-yaua\/"},"modified":"2025-04-25T11:47:58","modified_gmt":"2025-04-25T04:47:58","slug":"sua-chua-viet-quat-say-thang-hoa-i-yaua","status":"publish","type":"product","link":"https:\/\/naturefoods.com.vn\/en\/product\/sua-chua-viet-quat-say-thang-hoa-i-yaua\/","title":{"rendered":"S\u1eeeA CHUA VI\u1ec6T QU\u1ea4T S\u1ea4Y TH\u0102NG HOA I.YAUA"},"content":{"rendered":"<p>IYAUA G\u1ea5u H\u1ea1t N\u00fat \u0111\u01b0\u1ee3c l\u00e0m t\u1eeb s\u1eefa chua l\u00ean men t\u1ef1\u00a0 nhi\u00ean, k\u1ebft h\u1ee3p v\u1edbi c\u00e1c tr\u00e1i c\u00e2y t\u01b0\u01a1i sau \u0111\u00f3 s\u1eed d\u1ee5ng c\u00f4ng ngh\u1ec7 s\u1ea5y th\u0103ng hoa t\u1eeb Nh\u1eadt B\u1ea3n, gi\u00fap gi\u1eef tr\u1ecdn h\u01b0\u01a1ng v\u1ecb, m\u00e0u s\u1eafc t\u1ef1 nhi\u00ean v\u00e0 d\u01b0\u1ee1ng ch\u1ea5t t\u1eeb c\u00e1c nguy\u00ean li\u1ec7u \u0111\u1ea7u v\u00e0o.<\/p>\n","protected":false},"featured_media":966,"template":"","meta":{"_acf_changed":false},"certificate":[22,23,24,25,11,12],"product-category":[64,68],"class_list":["post-1134","product","type-product","status-publish","has-post-thumbnail","hentry","certificate-haccp","certificate-halal","certificate-iso-22000","certificate-smeta","certificate-brcgs","certificate-fda","product-category-consumer-products","product-category-dried-yogurt"],"acf":[],"_links":{"self":[{"href":"https:\/\/naturefoods.com.vn\/en\/wp-json\/wp\/v2\/product\/1134","targetHints":{"allow":["GET"]}}],"collection":[{"href":"https:\/\/naturefoods.com.vn\/en\/wp-json\/wp\/v2\/product"}],"about":[{"href":"https:\/\/naturefoods.com.vn\/en\/wp-json\/wp\/v2\/types\/product"}],"wp:featuredmedia":[{"embeddable":true,"href":"https:\/\/naturefoods.com.vn\/en\/wp-json\/wp\/v2\/media\/966"}],"wp:attachment":[{"href":"https:\/\/naturefoods.com.vn\/en\/wp-json\/wp\/v2\/media?parent=1134"}],"wp:term":[{"taxonomy":"certificate","embeddable":true,"href":"https:\/\/naturefoods.com.vn\/en\/wp-json\/wp\/v2\/certificate?post=1134"},{"taxonomy":"product-category","embeddable":true,"href":"https:\/\/naturefoods.com.vn\/en\/wp-json\/wp\/v2\/product-category?post=1134"}],"curies":[{"name":"wp","href":"https:\/\/api.w.org\/{rel}","templated":true}]}}