{"id":1138,"date":"2025-04-17T09:08:42","date_gmt":"2025-04-17T02:08:42","guid":{"rendered":"https:\/\/naturefoods.com.vn\/product\/canh-rau-ngot-nau-tom\/"},"modified":"2025-04-17T09:08:42","modified_gmt":"2025-04-17T02:08:42","slug":"canh-rau-ngot-nau-tom","status":"publish","type":"product","link":"https:\/\/naturefoods.com.vn\/en\/product\/canh-rau-ngot-nau-tom\/","title":{"rendered":"CANH RAU NG\u00d3T N\u1ea4U T\u00d4M &#8211; KATUK SOUP WITH SHRIMP"},"content":{"rendered":"<p><span style=\"font-weight: 400;\">I.SOUP &#8211; <\/span><span style=\"font-weight: 400;\">Canh rau ng\u00f3t n\u1ea5u t\u00f4m v\u1edbi n\u01b0\u1edbc d\u00f9ng thanh m\u00e1t, h\u00f2a quy\u1ec7n gi\u1eefa v\u1ecb ng\u1ecdt c\u1ee7a t\u00f4m v\u00e0 h\u01b0\u01a1ng v\u1ecb \u0111\u1eb7c tr\u01b0ng c\u1ee7a rau ng\u00f3t, cho b\u1ea1n m\u00f3n canh ngon th\u00edch h\u1ee3p \u0111\u1ec3 gi\u1ea3i nhi\u1ec7t ng\u00e0y h\u00e8.<\/span><\/p>\n","protected":false},"featured_media":896,"template":"","meta":{"_acf_changed":false},"certificate":[22,23,24,25,11,12],"product-category":[69,71],"class_list":["post-1138","product","type-product","status-publish","has-post-thumbnail","hentry","certificate-haccp","certificate-halal","certificate-iso-22000","certificate-smeta","certificate-brcgs","certificate-fda","product-category-export-products","product-category-japanese-market"],"acf":[],"_links":{"self":[{"href":"https:\/\/naturefoods.com.vn\/en\/wp-json\/wp\/v2\/product\/1138","targetHints":{"allow":["GET"]}}],"collection":[{"href":"https:\/\/naturefoods.com.vn\/en\/wp-json\/wp\/v2\/product"}],"about":[{"href":"https:\/\/naturefoods.com.vn\/en\/wp-json\/wp\/v2\/types\/product"}],"wp:featuredmedia":[{"embeddable":true,"href":"https:\/\/naturefoods.com.vn\/en\/wp-json\/wp\/v2\/media\/896"}],"wp:attachment":[{"href":"https:\/\/naturefoods.com.vn\/en\/wp-json\/wp\/v2\/media?parent=1138"}],"wp:term":[{"taxonomy":"certificate","embeddable":true,"href":"https:\/\/naturefoods.com.vn\/en\/wp-json\/wp\/v2\/certificate?post=1138"},{"taxonomy":"product-category","embeddable":true,"href":"https:\/\/naturefoods.com.vn\/en\/wp-json\/wp\/v2\/product-category?post=1138"}],"curies":[{"name":"wp","href":"https:\/\/api.w.org\/{rel}","templated":true}]}}